{"id":211,"date":"2023-12-22T19:11:23","date_gmt":"2023-12-22T18:11:23","guid":{"rendered":"https:\/\/www.nordicinsure.dk\/?page_id=211"},"modified":"2025-04-24T17:49:27","modified_gmt":"2025-04-24T15:49:27","slug":"kontakt-2","status":"publish","type":"page","link":"https:\/\/www.nordicinsure.dk\/da_dk\/kontakt-2\/","title":{"rendered":"Kontakt"},"content":{"rendered":"<p>[et_pb_section fb_built=&#8221;1&#8243; inner_shadow=&#8221;on&#8221; _builder_version=&#8221;4.23.1&#8243; _module_preset=&#8221;default&#8221; background_color=&#8221;#F2F1F0&#8243; custom_padding=&#8221;100px||101px|||&#8221; global_colors_info=&#8221;{}&#8221;][et_pb_row _builder_version=&#8221;4.23.1&#8243; _module_preset=&#8221;default&#8221; global_colors_info=&#8221;{}&#8221;][et_pb_column type=&#8221;4_4&#8243; _builder_version=&#8221;4.23.1&#8243; _module_preset=&#8221;default&#8221; global_colors_info=&#8221;{}&#8221;][et_pb_text _builder_version=&#8221;4.23.1&#8243; _module_preset=&#8221;default&#8221; global_colors_info=&#8221;{}&#8221;]<\/p>\n<h1>Kontakt<\/h1>\n<h3>Har du brug for personlig hj\u00e6lp eller r\u00e5dgiving, st\u00e5r vi altid klar.<\/h3>\n<p>[\/et_pb_text][\/et_pb_column][\/et_pb_row][et_pb_row column_structure=&#8221;1_2,1_2&#8243; _builder_version=&#8221;4.23.1&#8243; _module_preset=&#8221;default&#8221; global_colors_info=&#8221;{}&#8221;][et_pb_column type=&#8221;1_2&#8243; _builder_version=&#8221;4.23.1&#8243; _module_preset=&#8221;default&#8221; global_colors_info=&#8221;{}&#8221;][et_pb_text _builder_version=&#8221;4.23.1&#8243; _module_preset=&#8221;default&#8221; border_width_bottom=&#8221;1px&#8221; border_color_bottom=&#8221;#038B99&#8243; global_colors_info=&#8221;{}&#8221;]<\/p>\n<h2>Telefon<\/h2>\n<p>[\/et_pb_text][et_pb_text _builder_version=&#8221;4.23.1&#8243; _module_preset=&#8221;default&#8221; global_colors_info=&#8221;{}&#8221;]<\/p>\n<h2>+ 45 21 19 75 13<\/h2>\n<p>[\/et_pb_text][\/et_pb_column][et_pb_column type=&#8221;1_2&#8243; _builder_version=&#8221;4.23.1&#8243; _module_preset=&#8221;default&#8221; global_colors_info=&#8221;{}&#8221;][et_pb_text _builder_version=&#8221;4.23.1&#8243; _module_preset=&#8221;default&#8221; border_width_bottom=&#8221;1px&#8221; border_color_bottom=&#8221;#038B99&#8243; global_colors_info=&#8221;{}&#8221;]<\/p>\n<h2>Mail<\/h2>\n<p>[\/et_pb_text][et_pb_text _builder_version=&#8221;4.25.2&#8243; _module_preset=&#8221;default&#8221; link_option_url_new_window=&#8221;on&#8221; hover_enabled=&#8221;0&#8243; global_colors_info=&#8221;{}&#8221; link_option_url=&#8221;mailto:tcl@nordicinsure.dk&#8221; sticky_enabled=&#8221;0&#8243;]<\/p>\n<h2>tcl@nordicinsure.dk<\/h2>\n<p>[\/et_pb_text][\/et_pb_column][\/et_pb_row][\/et_pb_section]<\/p>\n","protected":false},"excerpt":{"rendered":"<p>Kontakt Har du brug for personlig hj\u00e6lp eller r\u00e5dgiving, st\u00e5r vi altid klar.Telefon+ 45 21 19 75 13Mailtcl@nordicinsure.dk<\/p>\n","protected":false},"author":2,"featured_media":0,"parent":0,"menu_order":0,"comment_status":"closed","ping_status":"closed","template":"","meta":{"_et_pb_use_builder":"on","_et_pb_old_content":"","_et_gb_content_width":"","footnotes":""},"class_list":["post-211","page","type-page","status-publish","hentry"],"yoast_head":"<!-- This site is optimized with the Yoast SEO plugin v27.5 - https:\/\/yoast.com\/product\/yoast-seo-wordpress\/ -->\n<title>Kontakt - Nordic Insure<\/title>\n<meta name=\"robots\" content=\"index, follow, max-snippet:-1, max-image-preview:large, max-video-preview:-1\" \/>\n<link rel=\"canonical\" href=\"https:\/\/www.nordicinsure.dk\/da_dk\/kontakt-2\/\" \/>\n<meta property=\"og:locale\" content=\"da_DK\" \/>\n<meta property=\"og:type\" content=\"article\" \/>\n<meta property=\"og:title\" content=\"Kontakt - Nordic Insure\" \/>\n<meta property=\"og:description\" content=\"Kontakt Har du brug for personlig hj\u00e6lp eller r\u00e5dgiving, st\u00e5r vi altid klar.Telefon+ 45 21 19 75 13Mailtcl@nordicinsure.dk\" \/>\n<meta property=\"og:url\" content=\"https:\/\/www.nordicinsure.dk\/da_dk\/kontakt-2\/\" \/>\n<meta property=\"og:site_name\" content=\"Nordic Insure\" \/>\n<meta property=\"article:modified_time\" content=\"2025-04-24T15:49:27+00:00\" \/>\n<meta name=\"twitter:card\" content=\"summary_large_image\" \/>\n<script type=\"application\/ld+json\" class=\"yoast-schema-graph\">{\"@context\":\"https:\\\/\\\/schema.org\",\"@graph\":[{\"@type\":\"WebPage\",\"@id\":\"https:\\\/\\\/www.nordicinsure.dk\\\/da_dk\\\/kontakt-2\\\/\",\"url\":\"https:\\\/\\\/www.nordicinsure.dk\\\/da_dk\\\/kontakt-2\\\/\",\"name\":\"Kontakt - Nordic Insure\",\"isPartOf\":{\"@id\":\"https:\\\/\\\/www.nordicinsure.dk\\\/#website\"},\"datePublished\":\"2023-12-22T18:11:23+00:00\",\"dateModified\":\"2025-04-24T15:49:27+00:00\",\"breadcrumb\":{\"@id\":\"https:\\\/\\\/www.nordicinsure.dk\\\/da_dk\\\/kontakt-2\\\/#breadcrumb\"},\"inLanguage\":\"da-DK\",\"potentialAction\":[{\"@type\":\"ReadAction\",\"target\":[\"https:\\\/\\\/www.nordicinsure.dk\\\/da_dk\\\/kontakt-2\\\/\"]}]},{\"@type\":\"BreadcrumbList\",\"@id\":\"https:\\\/\\\/www.nordicinsure.dk\\\/da_dk\\\/kontakt-2\\\/#breadcrumb\",\"itemListElement\":[{\"@type\":\"ListItem\",\"position\":1,\"name\":\"Hjem\",\"item\":\"https:\\\/\\\/www.nordicinsure.dk\\\/da_dk\\\/\"},{\"@type\":\"ListItem\",\"position\":2,\"name\":\"Kontakt\"}]},{\"@type\":\"WebSite\",\"@id\":\"https:\\\/\\\/www.nordicinsure.dk\\\/#website\",\"url\":\"https:\\\/\\\/www.nordicinsure.dk\\\/\",\"name\":\"Nordic Insure\",\"description\":\"\",\"potentialAction\":[{\"@type\":\"SearchAction\",\"target\":{\"@type\":\"EntryPoint\",\"urlTemplate\":\"https:\\\/\\\/www.nordicinsure.dk\\\/?s={search_term_string}\"},\"query-input\":{\"@type\":\"PropertyValueSpecification\",\"valueRequired\":true,\"valueName\":\"search_term_string\"}}],\"inLanguage\":\"da-DK\"}]}<\/script>\n<!-- \/ Yoast SEO plugin. -->","yoast_head_json":{"title":"Kontakt - Nordic Insure","robots":{"index":"index","follow":"follow","max-snippet":"max-snippet:-1","max-image-preview":"max-image-preview:large","max-video-preview":"max-video-preview:-1"},"canonical":"https:\/\/www.nordicinsure.dk\/da_dk\/kontakt-2\/","og_locale":"da_DK","og_type":"article","og_title":"Kontakt - Nordic Insure","og_description":"Kontakt Har du brug for personlig hj\u00e6lp eller r\u00e5dgiving, st\u00e5r vi altid klar.Telefon+ 45 21 19 75 13Mailtcl@nordicinsure.dk","og_url":"https:\/\/www.nordicinsure.dk\/da_dk\/kontakt-2\/","og_site_name":"Nordic Insure","article_modified_time":"2025-04-24T15:49:27+00:00","twitter_card":"summary_large_image","schema":{"@context":"https:\/\/schema.org","@graph":[{"@type":"WebPage","@id":"https:\/\/www.nordicinsure.dk\/da_dk\/kontakt-2\/","url":"https:\/\/www.nordicinsure.dk\/da_dk\/kontakt-2\/","name":"Kontakt - Nordic Insure","isPartOf":{"@id":"https:\/\/www.nordicinsure.dk\/#website"},"datePublished":"2023-12-22T18:11:23+00:00","dateModified":"2025-04-24T15:49:27+00:00","breadcrumb":{"@id":"https:\/\/www.nordicinsure.dk\/da_dk\/kontakt-2\/#breadcrumb"},"inLanguage":"da-DK","potentialAction":[{"@type":"ReadAction","target":["https:\/\/www.nordicinsure.dk\/da_dk\/kontakt-2\/"]}]},{"@type":"BreadcrumbList","@id":"https:\/\/www.nordicinsure.dk\/da_dk\/kontakt-2\/#breadcrumb","itemListElement":[{"@type":"ListItem","position":1,"name":"Hjem","item":"https:\/\/www.nordicinsure.dk\/da_dk\/"},{"@type":"ListItem","position":2,"name":"Kontakt"}]},{"@type":"WebSite","@id":"https:\/\/www.nordicinsure.dk\/#website","url":"https:\/\/www.nordicinsure.dk\/","name":"Nordic Insure","description":"","potentialAction":[{"@type":"SearchAction","target":{"@type":"EntryPoint","urlTemplate":"https:\/\/www.nordicinsure.dk\/?s={search_term_string}"},"query-input":{"@type":"PropertyValueSpecification","valueRequired":true,"valueName":"search_term_string"}}],"inLanguage":"da-DK"}]}},"_links":{"self":[{"href":"https:\/\/www.nordicinsure.dk\/da_dk\/wp-json\/wp\/v2\/pages\/211","targetHints":{"allow":["GET"]}}],"collection":[{"href":"https:\/\/www.nordicinsure.dk\/da_dk\/wp-json\/wp\/v2\/pages"}],"about":[{"href":"https:\/\/www.nordicinsure.dk\/da_dk\/wp-json\/wp\/v2\/types\/page"}],"author":[{"embeddable":true,"href":"https:\/\/www.nordicinsure.dk\/da_dk\/wp-json\/wp\/v2\/users\/2"}],"replies":[{"embeddable":true,"href":"https:\/\/www.nordicinsure.dk\/da_dk\/wp-json\/wp\/v2\/comments?post=211"}],"version-history":[{"count":0,"href":"https:\/\/www.nordicinsure.dk\/da_dk\/wp-json\/wp\/v2\/pages\/211\/revisions"}],"wp:attachment":[{"href":"https:\/\/www.nordicinsure.dk\/da_dk\/wp-json\/wp\/v2\/media?parent=211"}],"curies":[{"name":"wp","href":"https:\/\/api.w.org\/{rel}","templated":true}]}}