{"id":245,"date":"2023-12-24T10:15:32","date_gmt":"2023-12-24T09:15:32","guid":{"rendered":"https:\/\/www.nordicinsure.dk\/?page_id=245"},"modified":"2024-01-23T14:46:27","modified_gmt":"2024-01-23T13:46:27","slug":"for-virksomheder-med-ansatte","status":"publish","type":"page","link":"https:\/\/www.nordicinsure.dk\/da_dk\/for-virksomheder-med-ansatte\/","title":{"rendered":"For virksomheder med ansatte"},"content":{"rendered":"<p>[et_pb_section fb_built=&#8221;1&#8243; inner_shadow=&#8221;on&#8221; custom_padding_last_edited=&#8221;on|tablet&#8221; _builder_version=&#8221;4.23.1&#8243; background_color=&#8221;#F2F1F0&#8243; custom_padding=&#8221;40px|||||&#8221; custom_padding_tablet=&#8221;|0px||0px|false|true&#8221; custom_padding_phone=&#8221;|0px||0px|false|true&#8221; global_colors_info=&#8221;{}&#8221;][et_pb_row custom_padding_last_edited=&#8221;on|phone&#8221; _builder_version=&#8221;4.23.1&#8243; background_color=&#8221;#FFFFFF&#8221; background_size=&#8221;initial&#8221; background_position=&#8221;top_left&#8221; background_repeat=&#8221;repeat&#8221; width=&#8221;78%&#8221; width_tablet=&#8221;90%&#8221; width_phone=&#8221;90%&#8221; width_last_edited=&#8221;on|phone&#8221; custom_padding=&#8221;50px|50px|50px|50px|true|true&#8221; custom_padding_tablet=&#8221;50px|50px|50px|50px|true|true&#8221; custom_padding_phone=&#8221;|30px||30px|true|true&#8221; border_radii=&#8221;on|30px|30px|30px|30px&#8221; box_shadow_style=&#8221;preset1&#8243; box_shadow_blur=&#8221;15px&#8221; box_shadow_spread=&#8221;-9px&#8221; global_colors_info=&#8221;{}&#8221;][et_pb_column type=&#8221;4_4&#8243; _builder_version=&#8221;4.16&#8243; custom_padding=&#8221;|||&#8221; global_colors_info=&#8221;{}&#8221; custom_padding__hover=&#8221;|||&#8221;][et_pb_text _builder_version=&#8221;4.23.1&#8243; _module_preset=&#8221;default&#8221; text_text_color=&#8221;#000000&#8243; header_font_size=&#8221;6vh&#8221; header_3_font=&#8221;|600|||||||&#8221; header_3_font_size=&#8221;2vh&#8221; header_4_font_size=&#8221;2vh&#8221; header_4_line_height=&#8221;1.5em&#8221; header_font_size_tablet=&#8221;5vh&#8221; header_font_size_phone=&#8221;4vh&#8221; header_font_size_last_edited=&#8221;on|desktop&#8221; header_3_font_size_tablet=&#8221;2vh&#8221; header_3_font_size_phone=&#8221;2vh&#8221; header_3_font_size_last_edited=&#8221;on|phone&#8221; header_4_font_size_tablet=&#8221;2vh&#8221; header_4_font_size_phone=&#8221;2vh&#8221; header_4_font_size_last_edited=&#8221;on|desktop&#8221; global_colors_info=&#8221;{}&#8221;]<\/p>\n<h1><strong>Firmapension<br \/><\/strong><\/h1>\n<p>Som leder af virksomheden, er du ansvarlig for dine medarbejdere. En firmapension er ikke kun en fordel for medarbejderne, men ogs\u00e5 en investering i virksomhedens fremtid og medarbejdertilfredshed. Overvej at implementere en firmapension \u2013 det styrker konkurrenceevnen og viser engagement i dine medarbejderes \u00f8konomiske fremtid.<\/p>\n<p>&nbsp;<\/p>\n<h4>&gt; Vi tilbyder\u00a0 jer en uafh\u00e6ngig vurdering af markedet for firmapension.<\/h4>\n<h4>&gt; En aftale hvor vi placerer selve forsikringsl\u00f8sningen i et selskab, mens I og jeres medarbejdere f\u00e5r fuld frihed til at placere selve pensionsopsparingen\/pensionsbidraget, hvor I end m\u00e5tte \u00f8nske det.<\/h4>\n<h4>&gt; Alts\u00e5 et opg\u00f8r med stavnsbinding af opsparing og forsikring (firmapension) i et og samme forsikringsselskab. Nu kan du\/I ogs\u00e5 v\u00e6lge eksempelvis pengeinstitutter.<\/h4>\n<h4>&gt; St\u00f8rre valgfrihed og st\u00f8rre fleksibilitet til den enkelte, det er nemlig ikke alle der kan passe en st\u00f8rrelse \u201cM\u201d.<\/h4>\n<h4>&gt; Vi skr\u00e6ddersyr selvf\u00f8lgelig b\u00e5de forsikringsd\u00e6kning og opsparing. Vi tilpasser naturligvis begge dele, n\u00e5r der er behov for det eller \u00f8nsker herom.<\/h4>\n<p>[\/et_pb_text][\/et_pb_column][\/et_pb_row][\/et_pb_section][et_pb_section fb_built=&#8221;1&#8243; inner_shadow=&#8221;on&#8221; _builder_version=&#8221;4.23.1&#8243; _module_preset=&#8221;default&#8221; background_color=&#8221;#F2F1F0&#8243; global_colors_info=&#8221;{}&#8221;][et_pb_row column_structure=&#8221;1_2,1_2&#8243; use_custom_gutter=&#8221;on&#8221; _builder_version=&#8221;4.23.1&#8243; _module_preset=&#8221;default&#8221; background_color=&#8221;#414141&#8243; custom_padding=&#8221;0px||0px|||&#8221; border_radii=&#8221;on|30px|30px|30px|30px&#8221; box_shadow_style=&#8221;preset1&#8243; box_shadow_blur=&#8221;15px&#8221; box_shadow_spread=&#8221;-9px&#8221; locked=&#8221;off&#8221; global_colors_info=&#8221;{}&#8221;][et_pb_column type=&#8221;1_2&#8243; _builder_version=&#8221;4.23.1&#8243; _module_preset=&#8221;default&#8221; custom_padding_tablet=&#8221;&#8221; custom_padding_phone=&#8221;&#8221; custom_padding_last_edited=&#8221;on|tablet&#8221; global_colors_info=&#8221;{}&#8221;][et_pb_text _builder_version=&#8221;4.23.1&#8243; _module_preset=&#8221;default&#8221; text_text_color=&#8221;#FFFFFF&#8221; header_2_text_color=&#8221;#FFFFFF&#8221; header_2_font_size=&#8221;6vh&#8221; custom_margin=&#8221;||70px||false|false&#8221; custom_margin_tablet=&#8221;||40px||false|false&#8221; custom_margin_phone=&#8221;||30px||false|false&#8221; custom_margin_last_edited=&#8221;on|desktop&#8221; custom_padding=&#8221;70px|||80px|false|false&#8221; custom_padding_tablet=&#8221;70px|40px||40px|false|false&#8221; custom_padding_phone=&#8221;|30px||30px|false|true&#8221; custom_padding_last_edited=&#8221;on|desktop&#8221; header_2_font_size_tablet=&#8221;6vh&#8221; header_2_font_size_phone=&#8221;4vh&#8221; header_2_font_size_last_edited=&#8221;on|phone&#8221; global_colors_info=&#8221;{}&#8221;]<\/p>\n<h2>Fik du ikke svar p\u00e5 dit sp\u00f8rgsm\u00e5l ?<\/h2>\n<p>S\u00e5 lad os m\u00f8des og se om vi \u2013 ogs\u00e5 for dig \u2013 kan g\u00f8re tingene lidt mere forst\u00e5eligt, enkelt og bedre. Det er i hvert fald vores m\u00e5ls\u00e6tning.<\/p>\n<p>[\/et_pb_text][et_pb_button button_url=&#8221;@ET-DC@eyJkeW5hbWljIjp0cnVlLCJjb250ZW50IjoicG9zdF9saW5rX3VybF9wYWdlIiwic2V0dGluZ3MiOnsicG9zdF9pZCI6IjIxMSJ9fQ==@&#8221; button_text=&#8221;Kontakt&#8221; button_alignment=&#8221;center&#8221; button_alignment_tablet=&#8221;center&#8221; button_alignment_phone=&#8221;center&#8221; button_alignment_last_edited=&#8221;on|desktop&#8221; _builder_version=&#8221;4.23.1&#8243; _dynamic_attributes=&#8221;button_url&#8221; _module_preset=&#8221;default&#8221; custom_button=&#8221;on&#8221; button_text_size=&#8221;2vh&#8221; button_text_color=&#8221;#FFFFFF&#8221; button_bg_color=&#8221;#038B99&#8243; button_border_width=&#8221;0px&#8221; button_border_radius=&#8221;20px&#8221; button_use_icon=&#8221;off&#8221; custom_margin=&#8221;40px|||0px|false|false&#8221; custom_margin_tablet=&#8221;0px||||false|false&#8221; custom_margin_phone=&#8221;0px||||false|false&#8221; custom_margin_last_edited=&#8221;on|tablet&#8221; custom_padding=&#8221;8px|40px|8px|40px|true|true&#8221; custom_css_main_element=&#8221;font-family: omnes-pro, sans-serif;||font-weight: 600;||font-style: normal;&#8221; locked=&#8221;off&#8221; global_colors_info=&#8221;{}&#8221; button_bg_color__hover_enabled=&#8221;on|hover&#8221; button_bg_color__hover=&#8221;rgba(0,122,153,0.8)&#8221; button_bg_enable_color__hover=&#8221;on&#8221;][\/et_pb_button][\/et_pb_column][et_pb_column type=&#8221;1_2&#8243; _builder_version=&#8221;4.23.1&#8243; _module_preset=&#8221;default&#8221; box_shadow_style=&#8221;preset1&#8243; box_shadow_blur=&#8221;15px&#8221; box_shadow_spread=&#8221;-9px&#8221; global_colors_info=&#8221;{}&#8221;][et_pb_image src=&#8221;https:\/\/www.nordicinsure.dk\/wp-content\/uploads\/2023\/12\/redigeret-203.png&#8221; title_text=&#8221;redigeret-203&#8243; _builder_version=&#8221;4.23.1&#8243; _module_preset=&#8221;default&#8221; global_colors_info=&#8221;{}&#8221;][\/et_pb_image][\/et_pb_column][\/et_pb_row][\/et_pb_section]<\/p>\n","protected":false},"excerpt":{"rendered":"<p>Firmapension Som leder af virksomheden, er du ansvarlig for dine medarbejdere. En firmapension er ikke kun en fordel for medarbejderne, men ogs\u00e5 en investering i virksomhedens fremtid og medarbejdertilfredshed. Overvej at implementere en firmapension \u2013 det styrker konkurrenceevnen og viser engagement i dine medarbejderes \u00f8konomiske fremtid. &nbsp; &gt; Vi tilbyder\u00a0 jer en uafh\u00e6ngig vurdering af [&hellip;]<\/p>\n","protected":false},"author":2,"featured_media":0,"parent":0,"menu_order":0,"comment_status":"closed","ping_status":"closed","template":"","meta":{"_et_pb_use_builder":"on","_et_pb_old_content":"<img width=\"1920\" height=\"360\" src=\"https:\/\/www.nordicinsure.dk\/wp-content\/uploads\/2018\/06\/hero-skov.jpg\" alt=\"\" srcset=\"https:\/\/www.nordicinsure.dk\/wp-content\/uploads\/2018\/06\/hero-skov.jpg 1920w, https:\/\/www.nordicinsure.dk\/wp-content\/uploads\/2018\/06\/hero-skov-300x56.jpg 300w, https:\/\/www.nordicinsure.dk\/wp-content\/uploads\/2018\/06\/hero-skov-768x144.jpg 768w, https:\/\/www.nordicinsure.dk\/wp-content\/uploads\/2018\/06\/hero-skov-1024x192.jpg 1024w\" sizes=\"(max-width: 1920px) 100vw, 1920px\" \/>\t\t\t\t\t\t\t\t\t\t\t\n\t\t\t<h2>For dig som selvst\u00e6ndig<\/h2>\t\t\n\t\t<p>I en travl hverdag som selvst\u00e6ndig, er der rigtig mange ting at tage stilling til og holde styr p\u00e5. Derfor vil vi gerne tage dig i h\u00e5nden, n\u00e5r der skal snakkes om pension og forsikringer<\/p><p>Pension og forsikringer er ofte noget som ligger i baghovedet, men det kan v\u00e6re sv\u00e6rt at f\u00e5 taget hul p\u00e5, m\u00e5ske ogs\u00e5 fordi det er lidt kedeligt.\u00a0<\/p><p>Vi viser dig vejen til en god pensionsordning og vi bruger den tid der skal til, s\u00e5 du f\u00f8ler dig rigtig kl\u00e6dt p\u00e5, til de beslutninger der skal tages.\u00a0<\/p><p>En af vores opgaver er bl.a. at s\u00f8rge for at du kan komme hurtigt tilbage til din virksomhed, hvis du skulle blive ramt af sygdom eller en skade.<\/p><p>Du har muligvis allerede s\u00f8rget for at lave en pensions- og eller forsikringsd\u00e6kning via dit pengeinstitut.\u00a0<\/p><p>Ofte at forsikringsl\u00f8sningen i pengeinstitutterne langtfra de billigste p\u00e5 markedet. Faktisk tv\u00e6rtimod.<\/p><p><b>Hvorfor Nordic Insure:<\/b><\/p><ul><li>Fordi vi hj\u00e6lper dig med at f\u00e5 en skr\u00e6ddersyet pensions- og forsikringsordning.<\/li><li>Fordi vi holder dig i h\u00e5nden hele vejen og giver dig mindre arbejde og besv\u00e6r<\/li><li>Fordi du f\u00e5r en \u00e5rlig gennemgang af din pension og forsikringer<\/li><\/ul><p>S\u00e5 lad os m\u00f8des og se om vi - ogs\u00e5 for dig - kan g\u00f8re tingene lidt mere forst\u00e5eligt, enkelt og bedre. Det er i hvert fald vores m\u00e5ls\u00e6tning.<\/p>","_et_gb_content_width":"","footnotes":""},"class_list":["post-245","page","type-page","status-publish","hentry"],"yoast_head":"<!-- This site is optimized with the Yoast SEO plugin v27.5 - https:\/\/yoast.com\/product\/yoast-seo-wordpress\/ -->\n<title>For virksomheder med ansatte - Nordic Insure<\/title>\n<meta name=\"robots\" content=\"index, follow, max-snippet:-1, max-image-preview:large, max-video-preview:-1\" \/>\n<link rel=\"canonical\" href=\"https:\/\/www.nordicinsure.dk\/da_dk\/for-virksomheder-med-ansatte\/\" \/>\n<meta property=\"og:locale\" content=\"da_DK\" \/>\n<meta property=\"og:type\" content=\"article\" \/>\n<meta property=\"og:title\" content=\"For virksomheder med ansatte - Nordic Insure\" \/>\n<meta property=\"og:description\" content=\"Firmapension Som leder af virksomheden, er du ansvarlig for dine medarbejdere. En firmapension er ikke kun en fordel for medarbejderne, men ogs\u00e5 en investering i virksomhedens fremtid og medarbejdertilfredshed. Overvej at implementere en firmapension \u2013 det styrker konkurrenceevnen og viser engagement i dine medarbejderes \u00f8konomiske fremtid. &nbsp; &gt; Vi tilbyder\u00a0 jer en uafh\u00e6ngig vurdering af [&hellip;]\" \/>\n<meta property=\"og:url\" content=\"https:\/\/www.nordicinsure.dk\/da_dk\/for-virksomheder-med-ansatte\/\" \/>\n<meta property=\"og:site_name\" content=\"Nordic Insure\" \/>\n<meta property=\"article:modified_time\" content=\"2024-01-23T13:46:27+00:00\" \/>\n<meta name=\"twitter:card\" content=\"summary_large_image\" \/>\n<script type=\"application\/ld+json\" class=\"yoast-schema-graph\">{\"@context\":\"https:\\\/\\\/schema.org\",\"@graph\":[{\"@type\":\"WebPage\",\"@id\":\"https:\\\/\\\/www.nordicinsure.dk\\\/for-virksomheder-med-ansatte\\\/\",\"url\":\"https:\\\/\\\/www.nordicinsure.dk\\\/for-virksomheder-med-ansatte\\\/\",\"name\":\"For virksomheder med ansatte - Nordic Insure\",\"isPartOf\":{\"@id\":\"https:\\\/\\\/www.nordicinsure.dk\\\/#website\"},\"datePublished\":\"2023-12-24T09:15:32+00:00\",\"dateModified\":\"2024-01-23T13:46:27+00:00\",\"breadcrumb\":{\"@id\":\"https:\\\/\\\/www.nordicinsure.dk\\\/for-virksomheder-med-ansatte\\\/#breadcrumb\"},\"inLanguage\":\"da-DK\",\"potentialAction\":[{\"@type\":\"ReadAction\",\"target\":[\"https:\\\/\\\/www.nordicinsure.dk\\\/for-virksomheder-med-ansatte\\\/\"]}]},{\"@type\":\"BreadcrumbList\",\"@id\":\"https:\\\/\\\/www.nordicinsure.dk\\\/for-virksomheder-med-ansatte\\\/#breadcrumb\",\"itemListElement\":[{\"@type\":\"ListItem\",\"position\":1,\"name\":\"Hjem\",\"item\":\"https:\\\/\\\/www.nordicinsure.dk\\\/da_dk\\\/\"},{\"@type\":\"ListItem\",\"position\":2,\"name\":\"For virksomheder med ansatte\"}]},{\"@type\":\"WebSite\",\"@id\":\"https:\\\/\\\/www.nordicinsure.dk\\\/#website\",\"url\":\"https:\\\/\\\/www.nordicinsure.dk\\\/\",\"name\":\"Nordic Insure\",\"description\":\"\",\"potentialAction\":[{\"@type\":\"SearchAction\",\"target\":{\"@type\":\"EntryPoint\",\"urlTemplate\":\"https:\\\/\\\/www.nordicinsure.dk\\\/?s={search_term_string}\"},\"query-input\":{\"@type\":\"PropertyValueSpecification\",\"valueRequired\":true,\"valueName\":\"search_term_string\"}}],\"inLanguage\":\"da-DK\"}]}<\/script>\n<!-- \/ Yoast SEO plugin. -->","yoast_head_json":{"title":"For virksomheder med ansatte - Nordic Insure","robots":{"index":"index","follow":"follow","max-snippet":"max-snippet:-1","max-image-preview":"max-image-preview:large","max-video-preview":"max-video-preview:-1"},"canonical":"https:\/\/www.nordicinsure.dk\/da_dk\/for-virksomheder-med-ansatte\/","og_locale":"da_DK","og_type":"article","og_title":"For virksomheder med ansatte - Nordic Insure","og_description":"Firmapension Som leder af virksomheden, er du ansvarlig for dine medarbejdere. En firmapension er ikke kun en fordel for medarbejderne, men ogs\u00e5 en investering i virksomhedens fremtid og medarbejdertilfredshed. Overvej at implementere en firmapension \u2013 det styrker konkurrenceevnen og viser engagement i dine medarbejderes \u00f8konomiske fremtid. &nbsp; &gt; Vi tilbyder\u00a0 jer en uafh\u00e6ngig vurdering af [&hellip;]","og_url":"https:\/\/www.nordicinsure.dk\/da_dk\/for-virksomheder-med-ansatte\/","og_site_name":"Nordic Insure","article_modified_time":"2024-01-23T13:46:27+00:00","twitter_card":"summary_large_image","schema":{"@context":"https:\/\/schema.org","@graph":[{"@type":"WebPage","@id":"https:\/\/www.nordicinsure.dk\/for-virksomheder-med-ansatte\/","url":"https:\/\/www.nordicinsure.dk\/for-virksomheder-med-ansatte\/","name":"For virksomheder med ansatte - Nordic Insure","isPartOf":{"@id":"https:\/\/www.nordicinsure.dk\/#website"},"datePublished":"2023-12-24T09:15:32+00:00","dateModified":"2024-01-23T13:46:27+00:00","breadcrumb":{"@id":"https:\/\/www.nordicinsure.dk\/for-virksomheder-med-ansatte\/#breadcrumb"},"inLanguage":"da-DK","potentialAction":[{"@type":"ReadAction","target":["https:\/\/www.nordicinsure.dk\/for-virksomheder-med-ansatte\/"]}]},{"@type":"BreadcrumbList","@id":"https:\/\/www.nordicinsure.dk\/for-virksomheder-med-ansatte\/#breadcrumb","itemListElement":[{"@type":"ListItem","position":1,"name":"Hjem","item":"https:\/\/www.nordicinsure.dk\/da_dk\/"},{"@type":"ListItem","position":2,"name":"For virksomheder med ansatte"}]},{"@type":"WebSite","@id":"https:\/\/www.nordicinsure.dk\/#website","url":"https:\/\/www.nordicinsure.dk\/","name":"Nordic Insure","description":"","potentialAction":[{"@type":"SearchAction","target":{"@type":"EntryPoint","urlTemplate":"https:\/\/www.nordicinsure.dk\/?s={search_term_string}"},"query-input":{"@type":"PropertyValueSpecification","valueRequired":true,"valueName":"search_term_string"}}],"inLanguage":"da-DK"}]}},"_links":{"self":[{"href":"https:\/\/www.nordicinsure.dk\/da_dk\/wp-json\/wp\/v2\/pages\/245","targetHints":{"allow":["GET"]}}],"collection":[{"href":"https:\/\/www.nordicinsure.dk\/da_dk\/wp-json\/wp\/v2\/pages"}],"about":[{"href":"https:\/\/www.nordicinsure.dk\/da_dk\/wp-json\/wp\/v2\/types\/page"}],"author":[{"embeddable":true,"href":"https:\/\/www.nordicinsure.dk\/da_dk\/wp-json\/wp\/v2\/users\/2"}],"replies":[{"embeddable":true,"href":"https:\/\/www.nordicinsure.dk\/da_dk\/wp-json\/wp\/v2\/comments?post=245"}],"version-history":[{"count":0,"href":"https:\/\/www.nordicinsure.dk\/da_dk\/wp-json\/wp\/v2\/pages\/245\/revisions"}],"wp:attachment":[{"href":"https:\/\/www.nordicinsure.dk\/da_dk\/wp-json\/wp\/v2\/media?parent=245"}],"curies":[{"name":"wp","href":"https:\/\/api.w.org\/{rel}","templated":true}]}}