{"id":197,"date":"2023-12-21T13:36:14","date_gmt":"2023-12-21T12:36:14","guid":{"rendered":"https:\/\/www.nordicinsure.dk\/?page_id=197"},"modified":"2024-01-23T14:51:55","modified_gmt":"2024-01-23T13:51:55","slug":"om-os","status":"publish","type":"page","link":"https:\/\/www.nordicinsure.dk\/en\/om-os\/","title":{"rendered":"About"},"content":{"rendered":"<p>[et_pb_section fb_built=&#8221;1&#8243; inner_shadow=&#8221;on&#8221; _builder_version=&#8221;4.23.1&#8243; _module_preset=&#8221;default&#8221; background_color=&#8221;#F2F1F0&#8243; global_colors_info=&#8221;{}&#8221;][et_pb_row custom_padding_last_edited=&#8221;on|phone&#8221; _builder_version=&#8221;4.23.1&#8243; _module_preset=&#8221;default&#8221; background_color=&#8221;#FFFFFF&#8221; custom_padding=&#8221;50px|80px|50px|80px|true|true&#8221; custom_padding_tablet=&#8221;50px|80px|50px|80px|true|true&#8221; custom_padding_phone=&#8221;|30px||30px|true|true&#8221; border_radii=&#8221;on|30px|30px|30px|30px&#8221; box_shadow_style=&#8221;preset1&#8243; box_shadow_blur=&#8221;15px&#8221; box_shadow_spread=&#8221;-9px&#8221; global_colors_info=&#8221;{}&#8221;][et_pb_column type=&#8221;4_4&#8243; _builder_version=&#8221;4.23.1&#8243; _module_preset=&#8221;default&#8221; global_colors_info=&#8221;{}&#8221;][et_pb_text _builder_version=&#8221;4.23.1&#8243; _module_preset=&#8221;default&#8221; text_text_color=&#8221;#000000&#8243; header_3_font=&#8221;|600|||||||&#8221; header_3_font_size=&#8221;2.1vh&#8221; header_4_font_size=&#8221;2vh&#8221; header_4_line_height=&#8221;1.5em&#8221; text_font_size_tablet=&#8221;&#8221; text_font_size_phone=&#8221;&#8221; text_font_size_last_edited=&#8221;on|desktop&#8221; global_colors_info=&#8221;{}&#8221;]<\/p>\n<h1>Velkommen til Nordic Insure<\/h1>\n<div id=\"column1b\">\n<div class=\"flex flex-grow flex-col max-w-full\">\n<div class=\"min-h-[20px] text-message flex flex-col items-start gap-3 whitespace-pre-wrap break-words [.text-message+&amp;]:mt-5 overflow-x-auto\" data-message-author-role=\"assistant\" data-message-id=\"0c360a60-c101-42a2-9e4d-c9113e76a98d\">\n<div class=\"markdown prose w-full break-words dark:prose-invert dark\">\n<p>Nordic Insure er en 100% danskejet pensions- \/forsikringsformidler &#8211; godkendt af Finanstilsynet &#8211; og\u00a0 med st\u00e6rke nationale og internationale samarbejdsrelationer.<\/p>\n<p>Vi kommer med de nyeste og mest fleksible l\u00f8sninger (F.eks. pension og forsikring hver for sig) samt de klassiske l\u00f8sninger hvor pension og forsikring er i samme pensionsselskab.\u00a0 Vi g\u00f8r det enkelt, nemt og overskueligt samt skaber tillid, s\u00e5 du som kunde kan tr\u00e6ffe de rigtige beslutninger p\u00e5 et sikkert grundlag.<\/p>\n<h4><\/h4>\n<h4><\/h4>\n<h4><\/h4>\n<h3>F\u00e5 adgang til de nyeste og mest fleksible pensionsl\u00f8sninger:<\/h3>\n<h4>&gt; Skr\u00e6ddersyet l\u00f8sninger designet med afs\u00e6t i dine\/jeres konkrete \u00f8nsker og behov<\/h4>\n<h4>&gt; Klassiske pensionsl\u00f8sninger med pensionsopsparing og forsikring i samme selskab<\/h4>\n<h4>&gt; Game changer &#8211; pensionsopsparing og forsikringsdel i hvert sit selskab<\/h4>\n<h4><\/h4>\n<\/div>\n<\/div>\n<\/div>\n<\/div>\n<p>[\/et_pb_text][\/et_pb_column][\/et_pb_row][\/et_pb_section][et_pb_section fb_built=&#8221;1&#8243; inner_shadow=&#8221;on&#8221; _builder_version=&#8221;4.23.1&#8243; _module_preset=&#8221;default&#8221; background_color=&#8221;#F2F1F0&#8243; global_colors_info=&#8221;{}&#8221;][et_pb_row column_structure=&#8221;1_2,1_2&#8243; use_custom_gutter=&#8221;on&#8221; _builder_version=&#8221;4.23.1&#8243; _module_preset=&#8221;default&#8221; background_color=&#8221;#414141&#8243; custom_padding=&#8221;0px||0px|||&#8221; border_radii=&#8221;on|30px|30px|30px|30px&#8221; box_shadow_style=&#8221;preset1&#8243; box_shadow_blur=&#8221;15px&#8221; box_shadow_spread=&#8221;-9px&#8221; locked=&#8221;off&#8221; global_colors_info=&#8221;{}&#8221;][et_pb_column type=&#8221;1_2&#8243; _builder_version=&#8221;4.23.1&#8243; _module_preset=&#8221;default&#8221; custom_padding_tablet=&#8221;&#8221; custom_padding_phone=&#8221;&#8221; custom_padding_last_edited=&#8221;on|tablet&#8221; global_colors_info=&#8221;{}&#8221;][et_pb_text _builder_version=&#8221;4.23.1&#8243; _module_preset=&#8221;default&#8221; text_text_color=&#8221;#FFFFFF&#8221; header_2_text_color=&#8221;#FFFFFF&#8221; header_2_font_size=&#8221;6vh&#8221; custom_margin=&#8221;||70px||false|false&#8221; custom_margin_tablet=&#8221;||40px||false|false&#8221; custom_margin_phone=&#8221;||30px||false|false&#8221; custom_margin_last_edited=&#8221;on|desktop&#8221; custom_padding=&#8221;70px|||80px|false|false&#8221; custom_padding_tablet=&#8221;70px|40px||40px|false|false&#8221; custom_padding_phone=&#8221;|30px||30px|false|true&#8221; custom_padding_last_edited=&#8221;on|desktop&#8221; header_2_font_size_tablet=&#8221;6vh&#8221; header_2_font_size_phone=&#8221;4vh&#8221; header_2_font_size_last_edited=&#8221;on|phone&#8221; global_colors_info=&#8221;{}&#8221;]<\/p>\n<h2>Fik du ikke svar p\u00e5 dit sp\u00f8rgsm\u00e5l ?<\/h2>\n<p>S\u00e5 lad os m\u00f8des og se om vi \u2013 ogs\u00e5 for Jer\/dig \u2013 kan g\u00f8re tingene lidt mere forst\u00e5eligt, enkelt og bedre. Det er i hvert fald vores m\u00e5ls\u00e6tning.[\/et_pb_text][et_pb_button button_url=&#8221;@ET-DC@eyJkeW5hbWljIjp0cnVlLCJjb250ZW50IjoicG9zdF9saW5rX3VybF9wYWdlIiwic2V0dGluZ3MiOnsicG9zdF9pZCI6IjIxMSJ9fQ==@&#8221; button_text=&#8221;Kontakt&#8221; button_alignment=&#8221;center&#8221; button_alignment_tablet=&#8221;center&#8221; button_alignment_phone=&#8221;center&#8221; button_alignment_last_edited=&#8221;on|desktop&#8221; _builder_version=&#8221;4.23.1&#8243; _dynamic_attributes=&#8221;button_url&#8221; _module_preset=&#8221;default&#8221; custom_button=&#8221;on&#8221; button_text_size=&#8221;2vh&#8221; button_text_color=&#8221;#FFFFFF&#8221; button_bg_color=&#8221;#038B99&#8243; button_border_width=&#8221;0px&#8221; button_border_radius=&#8221;20px&#8221; button_use_icon=&#8221;off&#8221; custom_margin=&#8221;40px|||0px|false|false&#8221; custom_margin_tablet=&#8221;0px||||false|false&#8221; custom_margin_phone=&#8221;0px||||false|false&#8221; custom_margin_last_edited=&#8221;on|tablet&#8221; custom_padding=&#8221;8px|40px|8px|40px|true|true&#8221; custom_css_main_element=&#8221;font-family: omnes-pro, sans-serif;||font-weight: 600;||font-style: normal;&#8221; locked=&#8221;off&#8221; global_colors_info=&#8221;{}&#8221; button_bg_color__hover_enabled=&#8221;on|hover&#8221; button_bg_color__hover=&#8221;rgba(0,122,153,0.8)&#8221; button_bg_enable_color__hover=&#8221;on&#8221;][\/et_pb_button][\/et_pb_column][et_pb_column type=&#8221;1_2&#8243; _builder_version=&#8221;4.23.1&#8243; _module_preset=&#8221;default&#8221; box_shadow_style=&#8221;preset1&#8243; box_shadow_blur=&#8221;15px&#8221; box_shadow_spread=&#8221;-9px&#8221; global_colors_info=&#8221;{}&#8221;][et_pb_image src=&#8221;https:\/\/www.nordicinsure.dk\/wp-content\/uploads\/2023\/12\/redigeret-203.png&#8221; title_text=&#8221;redigeret-203&#8243; _builder_version=&#8221;4.23.1&#8243; _module_preset=&#8221;default&#8221; global_colors_info=&#8221;{}&#8221;][\/et_pb_image][\/et_pb_column][\/et_pb_row][\/et_pb_section]<\/p>\n","protected":false},"excerpt":{"rendered":"<p>Velkommen til Nordic Insure Nordic Insure er en 100% danskejet pensions- \/forsikringsformidler &#8211; godkendt af Finanstilsynet &#8211; og\u00a0 med st\u00e6rke nationale og internationale samarbejdsrelationer. Vi kommer med de nyeste og mest fleksible l\u00f8sninger (F.eks. pension og forsikring hver for sig) samt de klassiske l\u00f8sninger hvor pension og forsikring er i samme pensionsselskab.\u00a0 Vi g\u00f8r det [&hellip;]<\/p>\n","protected":false},"author":2,"featured_media":0,"parent":0,"menu_order":0,"comment_status":"closed","ping_status":"closed","template":"","meta":{"_et_pb_use_builder":"on","_et_pb_old_content":"","_et_gb_content_width":"","footnotes":""},"class_list":["post-197","page","type-page","status-publish","hentry"],"yoast_head":"<!-- This site is optimized with the Yoast SEO plugin v27.4 - https:\/\/yoast.com\/product\/yoast-seo-wordpress\/ -->\n<title>Om os - Nordic Insure<\/title>\n<meta name=\"robots\" content=\"index, follow, max-snippet:-1, max-image-preview:large, max-video-preview:-1\" \/>\n<link rel=\"canonical\" href=\"https:\/\/www.nordicinsure.dk\/en\/om-os\/\" \/>\n<meta property=\"og:locale\" content=\"en_GB\" \/>\n<meta property=\"og:type\" content=\"article\" \/>\n<meta property=\"og:title\" content=\"Om os - Nordic Insure\" \/>\n<meta property=\"og:description\" content=\"Velkommen til Nordic Insure Nordic Insure er en 100% danskejet pensions- \/forsikringsformidler - godkendt af Finanstilsynet - og\u00a0 med st\u00e6rke nationale og internationale samarbejdsrelationer. Vi kommer med de nyeste og mest fleksible l\u00f8sninger (F.eks. pension og forsikring hver for sig) samt de klassiske l\u00f8sninger hvor pension og forsikring er i samme pensionsselskab.\u00a0 Vi g\u00f8r det [&hellip;]\" \/>\n<meta property=\"og:url\" content=\"https:\/\/www.nordicinsure.dk\/en\/om-os\/\" \/>\n<meta property=\"og:site_name\" content=\"Nordic Insure\" \/>\n<meta property=\"article:modified_time\" content=\"2024-01-23T13:51:55+00:00\" \/>\n<meta name=\"twitter:card\" content=\"summary_large_image\" \/>\n<meta name=\"twitter:label1\" content=\"Estimated reading time\" \/>\n\t<meta name=\"twitter:data1\" content=\"1 minute\" \/>\n<script type=\"application\/ld+json\" class=\"yoast-schema-graph\">{\"@context\":\"https:\\\/\\\/schema.org\",\"@graph\":[{\"@type\":\"WebPage\",\"@id\":\"https:\\\/\\\/www.nordicinsure.dk\\\/om-os\\\/\",\"url\":\"https:\\\/\\\/www.nordicinsure.dk\\\/om-os\\\/\",\"name\":\"Om os - Nordic Insure\",\"isPartOf\":{\"@id\":\"https:\\\/\\\/www.nordicinsure.dk\\\/#website\"},\"datePublished\":\"2023-12-21T12:36:14+00:00\",\"dateModified\":\"2024-01-23T13:51:55+00:00\",\"breadcrumb\":{\"@id\":\"https:\\\/\\\/www.nordicinsure.dk\\\/om-os\\\/#breadcrumb\"},\"inLanguage\":\"en-GB\",\"potentialAction\":[{\"@type\":\"ReadAction\",\"target\":[\"https:\\\/\\\/www.nordicinsure.dk\\\/om-os\\\/\"]}]},{\"@type\":\"BreadcrumbList\",\"@id\":\"https:\\\/\\\/www.nordicinsure.dk\\\/om-os\\\/#breadcrumb\",\"itemListElement\":[{\"@type\":\"ListItem\",\"position\":1,\"name\":\"Hjem\",\"item\":\"https:\\\/\\\/www.nordicinsure.dk\\\/da_dk\\\/\"},{\"@type\":\"ListItem\",\"position\":2,\"name\":\"Om os\"}]},{\"@type\":\"WebSite\",\"@id\":\"https:\\\/\\\/www.nordicinsure.dk\\\/#website\",\"url\":\"https:\\\/\\\/www.nordicinsure.dk\\\/\",\"name\":\"Nordic Insure\",\"description\":\"\",\"potentialAction\":[{\"@type\":\"SearchAction\",\"target\":{\"@type\":\"EntryPoint\",\"urlTemplate\":\"https:\\\/\\\/www.nordicinsure.dk\\\/?s={search_term_string}\"},\"query-input\":{\"@type\":\"PropertyValueSpecification\",\"valueRequired\":true,\"valueName\":\"search_term_string\"}}],\"inLanguage\":\"en-GB\"}]}<\/script>\n<!-- \/ Yoast SEO plugin. -->","yoast_head_json":{"title":"Om os - Nordic Insure","robots":{"index":"index","follow":"follow","max-snippet":"max-snippet:-1","max-image-preview":"max-image-preview:large","max-video-preview":"max-video-preview:-1"},"canonical":"https:\/\/www.nordicinsure.dk\/en\/om-os\/","og_locale":"en_GB","og_type":"article","og_title":"Om os - Nordic Insure","og_description":"Velkommen til Nordic Insure Nordic Insure er en 100% danskejet pensions- \/forsikringsformidler - godkendt af Finanstilsynet - og\u00a0 med st\u00e6rke nationale og internationale samarbejdsrelationer. Vi kommer med de nyeste og mest fleksible l\u00f8sninger (F.eks. pension og forsikring hver for sig) samt de klassiske l\u00f8sninger hvor pension og forsikring er i samme pensionsselskab.\u00a0 Vi g\u00f8r det [&hellip;]","og_url":"https:\/\/www.nordicinsure.dk\/en\/om-os\/","og_site_name":"Nordic Insure","article_modified_time":"2024-01-23T13:51:55+00:00","twitter_card":"summary_large_image","twitter_misc":{"Estimated reading time":"1 minute"},"schema":{"@context":"https:\/\/schema.org","@graph":[{"@type":"WebPage","@id":"https:\/\/www.nordicinsure.dk\/om-os\/","url":"https:\/\/www.nordicinsure.dk\/om-os\/","name":"Om os - Nordic Insure","isPartOf":{"@id":"https:\/\/www.nordicinsure.dk\/#website"},"datePublished":"2023-12-21T12:36:14+00:00","dateModified":"2024-01-23T13:51:55+00:00","breadcrumb":{"@id":"https:\/\/www.nordicinsure.dk\/om-os\/#breadcrumb"},"inLanguage":"en-GB","potentialAction":[{"@type":"ReadAction","target":["https:\/\/www.nordicinsure.dk\/om-os\/"]}]},{"@type":"BreadcrumbList","@id":"https:\/\/www.nordicinsure.dk\/om-os\/#breadcrumb","itemListElement":[{"@type":"ListItem","position":1,"name":"Hjem","item":"https:\/\/www.nordicinsure.dk\/da_dk\/"},{"@type":"ListItem","position":2,"name":"Om os"}]},{"@type":"WebSite","@id":"https:\/\/www.nordicinsure.dk\/#website","url":"https:\/\/www.nordicinsure.dk\/","name":"Nordic Insure","description":"","potentialAction":[{"@type":"SearchAction","target":{"@type":"EntryPoint","urlTemplate":"https:\/\/www.nordicinsure.dk\/?s={search_term_string}"},"query-input":{"@type":"PropertyValueSpecification","valueRequired":true,"valueName":"search_term_string"}}],"inLanguage":"en-GB"}]}},"_links":{"self":[{"href":"https:\/\/www.nordicinsure.dk\/en\/wp-json\/wp\/v2\/pages\/197","targetHints":{"allow":["GET"]}}],"collection":[{"href":"https:\/\/www.nordicinsure.dk\/en\/wp-json\/wp\/v2\/pages"}],"about":[{"href":"https:\/\/www.nordicinsure.dk\/en\/wp-json\/wp\/v2\/types\/page"}],"author":[{"embeddable":true,"href":"https:\/\/www.nordicinsure.dk\/en\/wp-json\/wp\/v2\/users\/2"}],"replies":[{"embeddable":true,"href":"https:\/\/www.nordicinsure.dk\/en\/wp-json\/wp\/v2\/comments?post=197"}],"version-history":[{"count":0,"href":"https:\/\/www.nordicinsure.dk\/en\/wp-json\/wp\/v2\/pages\/197\/revisions"}],"wp:attachment":[{"href":"https:\/\/www.nordicinsure.dk\/en\/wp-json\/wp\/v2\/media?parent=197"}],"curies":[{"name":"wp","href":"https:\/\/api.w.org\/{rel}","templated":true}]}}